{"id":7,"date":"2018-11-27T09:17:42","date_gmt":"2018-11-27T09:17:42","guid":{"rendered":"https:\/\/anthonybarroche.fr\/index.php\/projects\/"},"modified":"2025-02-21T23:39:18","modified_gmt":"2025-02-21T22:39:18","slug":"projects","status":"publish","type":"page","link":"https:\/\/anthonybarroche.fr\/index.php\/projects\/","title":{"rendered":"Projects"},"content":{"rendered":"\t\t<div data-elementor-type=\"wp-post\" data-elementor-id=\"7\" class=\"elementor elementor-7\">\n\t\t\t\t\t\t\t\t\t<section class=\"elementor-section elementor-top-section elementor-element elementor-element-7ac9ca5 elementor-section-boxed elementor-section-height-default elementor-section-height-default\" data-id=\"7ac9ca5\" data-element_type=\"section\" data-settings=\"{&quot;background_background&quot;:&quot;classic&quot;}\">\n\t\t\t\t\t\t\t<div class=\"elementor-background-overlay\"><\/div>\n\t\t\t\t\t\t\t<div class=\"elementor-container elementor-column-gap-default\">\n\t\t\t\t\t<div class=\"elementor-column elementor-col-33 elementor-top-column elementor-element elementor-element-fc40e94\" data-id=\"fc40e94\" data-element_type=\"column\">\n\t\t\t<div class=\"elementor-widget-wrap\">\n\t\t\t\t\t\t\t\t\t<\/div>\n\t\t<\/div>\n\t\t\t\t<div class=\"elementor-column elementor-col-33 elementor-top-column elementor-element elementor-element-90988fe\" data-id=\"90988fe\" data-element_type=\"column\">\n\t\t\t<div class=\"elementor-widget-wrap elementor-element-populated\">\n\t\t\t\t\t\t\t\t<div class=\"elementor-element elementor-element-4a1c612 elementor-widget elementor-widget-heading\" data-id=\"4a1c612\" data-element_type=\"widget\" data-widget_type=\"heading.default\">\n\t\t\t\t<div class=\"elementor-widget-container\">\n\t\t\t<style>\/*! elementor - v3.11.5 - 14-03-2023 *\/\n.elementor-heading-title{padding:0;margin:0;line-height:1}.elementor-widget-heading .elementor-heading-title[class*=elementor-size-]>a{color:inherit;font-size:inherit;line-height:inherit}.elementor-widget-heading .elementor-heading-title.elementor-size-small{font-size:15px}.elementor-widget-heading .elementor-heading-title.elementor-size-medium{font-size:19px}.elementor-widget-heading .elementor-heading-title.elementor-size-large{font-size:29px}.elementor-widget-heading .elementor-heading-title.elementor-size-xl{font-size:39px}.elementor-widget-heading .elementor-heading-title.elementor-size-xxl{font-size:59px}<\/style><h1 class=\"elementor-heading-title elementor-size-default\">TEMOIGNAGES<\/h1>\t\t<\/div>\n\t\t\t\t<\/div>\n\t\t\t\t\t<\/div>\n\t\t<\/div>\n\t\t\t\t<div class=\"elementor-column elementor-col-33 elementor-top-column elementor-element elementor-element-919f5c1\" data-id=\"919f5c1\" data-element_type=\"column\">\n\t\t\t<div class=\"elementor-widget-wrap\">\n\t\t\t\t\t\t\t\t\t<\/div>\n\t\t<\/div>\n\t\t\t\t\t\t\t<\/div>\n\t\t<\/section>\n\t\t\t\t<section class=\"elementor-section elementor-top-section elementor-element elementor-element-8262e30 elementor-section-content-middle elementor-section-boxed elementor-section-height-default elementor-section-height-default\" data-id=\"8262e30\" data-element_type=\"section\" data-settings=\"{&quot;background_background&quot;:&quot;classic&quot;}\">\n\t\t\t\t\t\t\t<div class=\"elementor-background-overlay\"><\/div>\n\t\t\t\t\t\t\t<div class=\"elementor-container elementor-column-gap-no\">\n\t\t\t\t\t<div class=\"elementor-column elementor-col-100 elementor-top-column elementor-element elementor-element-da6ae65\" data-id=\"da6ae65\" data-element_type=\"column\">\n\t\t\t<div class=\"elementor-widget-wrap elementor-element-populated\">\n\t\t\t\t\t\t\t\t<section class=\"elementor-section elementor-inner-section elementor-element elementor-element-524dfe6 elementor-section-boxed elementor-section-height-default elementor-section-height-default\" data-id=\"524dfe6\" data-element_type=\"section\">\n\t\t\t\t\t\t<div class=\"elementor-container elementor-column-gap-default\">\n\t\t\t\t\t<div class=\"elementor-column elementor-col-100 elementor-inner-column elementor-element elementor-element-7eb1a2d\" data-id=\"7eb1a2d\" data-element_type=\"column\">\n\t\t\t<div class=\"elementor-widget-wrap elementor-element-populated\">\n\t\t\t\t\t\t\t\t\t<\/div>\n\t\t<\/div>\n\t\t\t\t\t\t\t<\/div>\n\t\t<\/section>\n\t\t\t\t<div class=\"elementor-element elementor-element-dc11ff2 elementor-widget elementor-widget-text-editor\" data-id=\"dc11ff2\" data-element_type=\"widget\" data-widget_type=\"text-editor.default\">\n\t\t\t\t<div class=\"elementor-widget-container\">\n\t\t\t<style>\/*! elementor - v3.11.5 - 14-03-2023 *\/\n.elementor-widget-text-editor.elementor-drop-cap-view-stacked .elementor-drop-cap{background-color:#818a91;color:#fff}.elementor-widget-text-editor.elementor-drop-cap-view-framed .elementor-drop-cap{color:#818a91;border:3px solid;background-color:transparent}.elementor-widget-text-editor:not(.elementor-drop-cap-view-default) .elementor-drop-cap{margin-top:8px}.elementor-widget-text-editor:not(.elementor-drop-cap-view-default) .elementor-drop-cap-letter{width:1em;height:1em}.elementor-widget-text-editor .elementor-drop-cap{float:left;text-align:center;line-height:1;font-size:50px}.elementor-widget-text-editor .elementor-drop-cap-letter{display:inline-block}<\/style>\t\t\t\t<h5>-Takina Bernardino, Sprint, Athl\u00e8te internationale<\/h5><p>Merci \u00e0 Anthony d&#8217;avoir su m&#8217;apporter cette confiance dont j&#8217;avais besoin ainsi que tous les outils n\u00e9cessaires pour y arriver. J&#8217;ai eu un d\u00e9clic qui m&#8217;a permise d&#8217;aller loin et de continuer \u00e0 avancer, suite \u00e0 mes s\u00e9ances avec lui. Un \u00e9norme merci \u00e0 toi Anthony !<\/p><h5>-Axelle Plaire, Judo, Athl\u00e8te 1ere division s\u00e9nior (JC Pontault-Combault)<\/h5><p>Un grand merci \u00e0 Anthony Barroche pour son investissement et son accompagnement lors de ma formation en pr\u00e9paration mentale. Travailler la confiance en soi, la concentration, la motivation, c&#8217;est la cl\u00e9 de la r\u00e9ussite , nous le savons tous ! Mention sp\u00e9ciale pour les diff\u00e9rentes m\u00e9thodes sur le discours interne qui ont \u00e9t\u00e9 enseign\u00e9es, la musicoth\u00e9rapie ou m\u00eame l&#8217;imagerie mentale car c&#8217;\u00e9tait compl\u00e8tement nouveau pour moi et tellement enrichissant. Ce que j&#8217;ai appris : Se concentrer sur l&#8217;essentiel (la pr\u00e9sence sur les tatamis) ,donner du sens ,\u00eatre good vibes , prendre du plaisir dans ce que l&#8217;on fait . Merci.<\/p><h5>-Extrait de l&#8217;interview du coach du club d&#8217;aviron de Douai suite au titre de championnes de France de son \u00e9quipe f\u00e9minine (Juillet 2022, la Voix du Nord):<\/h5><p>&#8220;Elles ont franchi un cap, gr\u00e2ce aussi \u00e0 quelques s\u00e9ances avec Anthony BARROCHE pr\u00e9parateur mental. Il leur \u00e0 donn\u00e9 quelques astuces pour mieux se concentrer. Elles \u00e9taient beaucoup plus sereines pendant l&#8217;effort. Elles n&#8217;ont jamais dout\u00e9&#8221;.<\/p><h5>&#8211; Accompagnement bienveillant et pragmatique. De vraies cl\u00e9s et de vraies perspectives pour l&#8217;avenir. Merci. (Marathon)\u00a0\u00a0<\/h5><h5>&#8211; Anthony a su \u00eatre \u00e0 l&#8217;\u00e9coute des besoins de notre enfant et l&#8217;a aid\u00e9 \u00e0 franchir des paliers de progression adapt\u00e9s \u00e0 son sport et son \u00e2ge. (Motocross, niveau international)<\/h5><h5>\u00a0-Anthony, de part son \u00e9coute, son attitude m&#8217;a accompagn\u00e9e dans une r\u00e9flexion n\u00e9cessaire pour avancer. J&#8217;ai beaucoup appr\u00e9ci\u00e9 le non jugement total et la bienveillance dont il a fait part. Les outils propos\u00e9s m&#8217;ont vraiment aid\u00e9e. Des outils simples mais avec une mise en oeuvre guid\u00e9e, expliqu\u00e9e qui permet une application imm\u00e9diate. (Semi-marathon)\u00a0<\/h5><h5>-Un mois apr\u00e8s le marathon de Paris, je veux dire un grand merci \u00e0 Anthony de m&#8217;avoir accompagn\u00e9 dans ma pr\u00e9paration mentale. Tes conseils et le chemin int\u00e9rieur que j&#8217;ai parcouru m&#8217;ont permis de r\u00e9aliser ce r\u00eave que je pensais impossible \u00e0 atteindre. nous avons travaill\u00e9 dur, j&#8217;ai eu des doutes, j&#8217;ai faillit tout plaquer et tout compte fait je me suis surprise. J&#8217;ai d\u00e9pass\u00e9 mes limites et ce fameux plafond de verre !! ( Accompagnement sur un 1er marathon)<\/h5><div>\u00a0<\/div><div>\u00a0<\/div><div>\u00a0<\/div><div>\u00a0<\/div>\t\t\t\t\t\t<\/div>\n\t\t\t\t<\/div>\n\t\t\t\t\t<\/div>\n\t\t<\/div>\n\t\t\t\t\t\t\t<\/div>\n\t\t<\/section>\n\t\t\t\t<section class=\"elementor-section elementor-top-section elementor-element elementor-element-981c27d elementor-section-content-middle elementor-section-boxed elementor-section-height-default elementor-section-height-default\" data-id=\"981c27d\" data-element_type=\"section\" data-settings=\"{&quot;background_background&quot;:&quot;classic&quot;}\">\n\t\t\t\t\t\t\t<div class=\"elementor-background-overlay\"><\/div>\n\t\t\t\t\t\t\t<div class=\"elementor-container elementor-column-gap-no\">\n\t\t\t\t\t<div class=\"elementor-column elementor-col-100 elementor-top-column elementor-element elementor-element-1831b66\" data-id=\"1831b66\" data-element_type=\"column\">\n\t\t\t<div class=\"elementor-widget-wrap elementor-element-populated\">\n\t\t\t\t\t\t\t\t<div class=\"elementor-element elementor-element-f44f54a elementor-pagination-position-outside elementor-widget elementor-widget-image-carousel\" data-id=\"f44f54a\" data-element_type=\"widget\" data-settings=\"{&quot;slides_to_show&quot;:&quot;3&quot;,&quot;slides_to_scroll&quot;:&quot;1&quot;,&quot;navigation&quot;:&quot;dots&quot;,&quot;slides_to_show_tablet&quot;:&quot;2&quot;,&quot;slides_to_show_mobile&quot;:&quot;1&quot;,&quot;autoplay&quot;:&quot;no&quot;,&quot;infinite&quot;:&quot;yes&quot;,&quot;speed&quot;:500,&quot;image_spacing_custom&quot;:{&quot;unit&quot;:&quot;px&quot;,&quot;size&quot;:20,&quot;sizes&quot;:[]},&quot;image_spacing_custom_tablet&quot;:{&quot;unit&quot;:&quot;px&quot;,&quot;size&quot;:&quot;&quot;,&quot;sizes&quot;:[]}}\" data-widget_type=\"image-carousel.default\">\n\t\t\t\t<div class=\"elementor-widget-container\">\n\t\t\t<style>\/*! elementor - v3.11.5 - 14-03-2023 *\/\n.elementor-widget-image-carousel .swiper,.elementor-widget-image-carousel .swiper-container{position:static}.elementor-widget-image-carousel .swiper-container .swiper-slide figure,.elementor-widget-image-carousel .swiper .swiper-slide figure{line-height:inherit}.elementor-widget-image-carousel .swiper-slide{text-align:center}.elementor-image-carousel-wrapper:not(.swiper-container-initialized) .swiper-slide,.elementor-image-carousel-wrapper:not(.swiper-initialized) .swiper-slide{max-width:calc(100% \/ var(--e-image-carousel-slides-to-show, 3))}<\/style>\t\t<div class=\"elementor-image-carousel-wrapper swiper-container\" dir=\"ltr\">\n\t\t\t<div class=\"elementor-image-carousel swiper-wrapper swiper-image-stretch\">\n\t\t\t\t\t\t\t\t<div class=\"swiper-slide\"><figure class=\"swiper-slide-inner\"><img class=\"swiper-slide-image\" src=\"https:\/\/anthonybarroche.fr\/wp-content\/uploads\/2021\/09\/trail-running-men-trail-1245982.jpg\" alt=\"trail running, men, trail-1245982.jpg\" \/><\/figure><\/div><div class=\"swiper-slide\"><figure class=\"swiper-slide-inner\"><img class=\"swiper-slide-image\" src=\"https:\/\/anthonybarroche.fr\/wp-content\/uploads\/2021\/09\/swim-swimmer-lake-864383.jpg\" alt=\"swim, swimmer, lake-864383.jpg\" \/><\/figure><\/div><div class=\"swiper-slide\"><figure class=\"swiper-slide-inner\"><img class=\"swiper-slide-image\" src=\"https:\/\/anthonybarroche.fr\/wp-content\/uploads\/2021\/09\/training-muscles-arms-828726.jpg\" alt=\"training, muscles, arms-828726.jpg\" \/><\/figure><\/div><div class=\"swiper-slide\"><figure class=\"swiper-slide-inner\"><img class=\"swiper-slide-image\" src=\"https:\/\/anthonybarroche.fr\/wp-content\/uploads\/2021\/09\/surfing-surfer-wave-926822.jpg\" alt=\"surfing, surfer, wave-926822.jpg\" \/><\/figure><\/div><div class=\"swiper-slide\"><figure class=\"swiper-slide-inner\"><img class=\"swiper-slide-image\" src=\"https:\/\/anthonybarroche.fr\/wp-content\/uploads\/2021\/09\/20160128-clean-crossfit-1.jpg\" alt=\"20160128-clean-crossfit\" \/><\/figure><\/div><div class=\"swiper-slide\"><figure class=\"swiper-slide-inner\"><img class=\"swiper-slide-image\" src=\"https:\/\/anthonybarroche.fr\/wp-content\/uploads\/2021\/09\/man-snow-snowboarder-690779.jpg\" alt=\"man, snow, snowboarder-690779.jpg\" \/><\/figure><\/div>\t\t\t<\/div>\n\t\t\t\t\t\t\t\t\t\t\t\t<div class=\"swiper-pagination\"><\/div>\n\t\t\t\t\t\t\t\t\t\t\t\t\t<\/div>\n\t\t\t\t<\/div>\n\t\t\t\t<\/div>\n\t\t\t\t\t<\/div>\n\t\t<\/div>\n\t\t\t\t\t\t\t<\/div>\n\t\t<\/section>\n\t\t\t\t\t\t\t<\/div>\n\t\t","protected":false},"excerpt":{"rendered":"<p>TEMOIGNAGES -Takina Bernardino, Sprint, Athl\u00e8te internationale Merci \u00e0 Anthony d&#8217;avoir su m&#8217;apporter cette confiance dont j&#8217;avais besoin ainsi que tous les outils n\u00e9cessaires pour y arriver. J&#8217;ai eu un d\u00e9clic qui m&#8217;a permise d&#8217;aller loin et de continuer \u00e0 avancer, suite \u00e0 mes s\u00e9ances avec lui. Un \u00e9norme merci \u00e0 toi Anthony ! -Axelle Plaire, &hellip;<\/p>\n<p class=\"read-more\"> <a class=\"\" href=\"https:\/\/anthonybarroche.fr\/index.php\/projects\/\"> <span class=\"screen-reader-text\">Projects<\/span> Read More &raquo;<\/a><\/p>\n","protected":false},"author":1,"featured_media":0,"parent":0,"menu_order":0,"comment_status":"closed","ping_status":"closed","template":"","meta":[],"yoast_head":"<!-- This site is optimized with the Yoast SEO plugin v19.4 - https:\/\/yoast.com\/wordpress\/plugins\/seo\/ -->\n<title>Projects - Pr\u00e9parateur Mental<\/title>\n<meta name=\"robots\" content=\"index, follow, max-snippet:-1, max-image-preview:large, max-video-preview:-1\" \/>\n<link rel=\"canonical\" href=\"https:\/\/anthonybarroche.fr\/index.php\/projects\/\" \/>\n<meta property=\"og:locale\" content=\"en_US\" \/>\n<meta property=\"og:type\" content=\"article\" \/>\n<meta property=\"og:title\" content=\"Projects - Pr\u00e9parateur Mental\" \/>\n<meta property=\"og:description\" content=\"TEMOIGNAGES -Takina Bernardino, Sprint, Athl\u00e8te internationale Merci \u00e0 Anthony d&#8217;avoir su m&#8217;apporter cette confiance dont j&#8217;avais besoin ainsi que tous les outils n\u00e9cessaires pour y arriver. J&#8217;ai eu un d\u00e9clic qui m&#8217;a permise d&#8217;aller loin et de continuer \u00e0 avancer, suite \u00e0 mes s\u00e9ances avec lui. Un \u00e9norme merci \u00e0 toi Anthony ! -Axelle Plaire, &hellip; Projects Read More &raquo;\" \/>\n<meta property=\"og:url\" content=\"https:\/\/anthonybarroche.fr\/index.php\/projects\/\" \/>\n<meta property=\"og:site_name\" content=\"Pr\u00e9parateur Mental\" \/>\n<meta property=\"article:modified_time\" content=\"2025-02-21T22:39:18+00:00\" \/>\n<meta property=\"og:image\" content=\"https:\/\/anthonybarroche.fr\/wp-content\/uploads\/2021\/09\/trail-running-men-trail-1245982.jpg\" \/>\n<meta name=\"twitter:card\" content=\"summary_large_image\" \/>\n<meta name=\"twitter:label1\" content=\"Est. reading time\" \/>\n\t<meta name=\"twitter:data1\" content=\"5 minutes\" \/>\n<script type=\"application\/ld+json\" class=\"yoast-schema-graph\">{\"@context\":\"https:\/\/schema.org\",\"@graph\":[{\"@type\":[\"Person\",\"Organization\"],\"@id\":\"https:\/\/anthonybarroche.fr\/#\/schema\/person\/a6f17b02cecb4afe1ee67f0a9c959349\",\"name\":\"Anthony\",\"image\":{\"@type\":\"ImageObject\",\"inLanguage\":\"en-US\",\"@id\":\"https:\/\/anthonybarroche.fr\/#\/schema\/person\/image\/\",\"url\":\"https:\/\/anthonybarroche.fr\/wp-content\/uploads\/2021\/09\/Photo-profil.png\",\"contentUrl\":\"https:\/\/anthonybarroche.fr\/wp-content\/uploads\/2021\/09\/Photo-profil.png\",\"width\":555,\"height\":538,\"caption\":\"Anthony\"},\"logo\":{\"@id\":\"https:\/\/anthonybarroche.fr\/#\/schema\/person\/image\/\"},\"sameAs\":[\"http:\/\/anthonybarroche.fr\"]},{\"@type\":\"WebSite\",\"@id\":\"https:\/\/anthonybarroche.fr\/#website\",\"url\":\"https:\/\/anthonybarroche.fr\/\",\"name\":\"Pr\u00e9parateur Mental\",\"description\":\"Anthony BARROCHE\",\"publisher\":{\"@id\":\"https:\/\/anthonybarroche.fr\/#\/schema\/person\/a6f17b02cecb4afe1ee67f0a9c959349\"},\"potentialAction\":[{\"@type\":\"SearchAction\",\"target\":{\"@type\":\"EntryPoint\",\"urlTemplate\":\"https:\/\/anthonybarroche.fr\/?s={search_term_string}\"},\"query-input\":\"required name=search_term_string\"}],\"inLanguage\":\"en-US\"},{\"@type\":\"WebPage\",\"@id\":\"https:\/\/anthonybarroche.fr\/index.php\/projects\/\",\"url\":\"https:\/\/anthonybarroche.fr\/index.php\/projects\/\",\"name\":\"Projects - Pr\u00e9parateur Mental\",\"isPartOf\":{\"@id\":\"https:\/\/anthonybarroche.fr\/#website\"},\"datePublished\":\"2018-11-27T09:17:42+00:00\",\"dateModified\":\"2025-02-21T22:39:18+00:00\",\"breadcrumb\":{\"@id\":\"https:\/\/anthonybarroche.fr\/index.php\/projects\/#breadcrumb\"},\"inLanguage\":\"en-US\",\"potentialAction\":[{\"@type\":\"ReadAction\",\"target\":[\"https:\/\/anthonybarroche.fr\/index.php\/projects\/\"]}]},{\"@type\":\"BreadcrumbList\",\"@id\":\"https:\/\/anthonybarroche.fr\/index.php\/projects\/#breadcrumb\",\"itemListElement\":[{\"@type\":\"ListItem\",\"position\":1,\"name\":\"Accueil\",\"item\":\"https:\/\/anthonybarroche.fr\/\"},{\"@type\":\"ListItem\",\"position\":2,\"name\":\"Projects\"}]}]}<\/script>\n<!-- \/ Yoast SEO plugin. -->","yoast_head_json":{"title":"Projects - Pr\u00e9parateur Mental","robots":{"index":"index","follow":"follow","max-snippet":"max-snippet:-1","max-image-preview":"max-image-preview:large","max-video-preview":"max-video-preview:-1"},"canonical":"https:\/\/anthonybarroche.fr\/index.php\/projects\/","og_locale":"en_US","og_type":"article","og_title":"Projects - Pr\u00e9parateur Mental","og_description":"TEMOIGNAGES -Takina Bernardino, Sprint, Athl\u00e8te internationale Merci \u00e0 Anthony d&#8217;avoir su m&#8217;apporter cette confiance dont j&#8217;avais besoin ainsi que tous les outils n\u00e9cessaires pour y arriver. J&#8217;ai eu un d\u00e9clic qui m&#8217;a permise d&#8217;aller loin et de continuer \u00e0 avancer, suite \u00e0 mes s\u00e9ances avec lui. Un \u00e9norme merci \u00e0 toi Anthony ! -Axelle Plaire, &hellip; Projects Read More &raquo;","og_url":"https:\/\/anthonybarroche.fr\/index.php\/projects\/","og_site_name":"Pr\u00e9parateur Mental","article_modified_time":"2025-02-21T22:39:18+00:00","og_image":[{"url":"https:\/\/anthonybarroche.fr\/wp-content\/uploads\/2021\/09\/trail-running-men-trail-1245982.jpg"}],"twitter_card":"summary_large_image","twitter_misc":{"Est. reading time":"5 minutes"},"schema":{"@context":"https:\/\/schema.org","@graph":[{"@type":["Person","Organization"],"@id":"https:\/\/anthonybarroche.fr\/#\/schema\/person\/a6f17b02cecb4afe1ee67f0a9c959349","name":"Anthony","image":{"@type":"ImageObject","inLanguage":"en-US","@id":"https:\/\/anthonybarroche.fr\/#\/schema\/person\/image\/","url":"https:\/\/anthonybarroche.fr\/wp-content\/uploads\/2021\/09\/Photo-profil.png","contentUrl":"https:\/\/anthonybarroche.fr\/wp-content\/uploads\/2021\/09\/Photo-profil.png","width":555,"height":538,"caption":"Anthony"},"logo":{"@id":"https:\/\/anthonybarroche.fr\/#\/schema\/person\/image\/"},"sameAs":["http:\/\/anthonybarroche.fr"]},{"@type":"WebSite","@id":"https:\/\/anthonybarroche.fr\/#website","url":"https:\/\/anthonybarroche.fr\/","name":"Pr\u00e9parateur Mental","description":"Anthony BARROCHE","publisher":{"@id":"https:\/\/anthonybarroche.fr\/#\/schema\/person\/a6f17b02cecb4afe1ee67f0a9c959349"},"potentialAction":[{"@type":"SearchAction","target":{"@type":"EntryPoint","urlTemplate":"https:\/\/anthonybarroche.fr\/?s={search_term_string}"},"query-input":"required name=search_term_string"}],"inLanguage":"en-US"},{"@type":"WebPage","@id":"https:\/\/anthonybarroche.fr\/index.php\/projects\/","url":"https:\/\/anthonybarroche.fr\/index.php\/projects\/","name":"Projects - Pr\u00e9parateur Mental","isPartOf":{"@id":"https:\/\/anthonybarroche.fr\/#website"},"datePublished":"2018-11-27T09:17:42+00:00","dateModified":"2025-02-21T22:39:18+00:00","breadcrumb":{"@id":"https:\/\/anthonybarroche.fr\/index.php\/projects\/#breadcrumb"},"inLanguage":"en-US","potentialAction":[{"@type":"ReadAction","target":["https:\/\/anthonybarroche.fr\/index.php\/projects\/"]}]},{"@type":"BreadcrumbList","@id":"https:\/\/anthonybarroche.fr\/index.php\/projects\/#breadcrumb","itemListElement":[{"@type":"ListItem","position":1,"name":"Accueil","item":"https:\/\/anthonybarroche.fr\/"},{"@type":"ListItem","position":2,"name":"Projects"}]}]}},"_links":{"self":[{"href":"https:\/\/anthonybarroche.fr\/index.php\/wp-json\/wp\/v2\/pages\/7"}],"collection":[{"href":"https:\/\/anthonybarroche.fr\/index.php\/wp-json\/wp\/v2\/pages"}],"about":[{"href":"https:\/\/anthonybarroche.fr\/index.php\/wp-json\/wp\/v2\/types\/page"}],"author":[{"embeddable":true,"href":"https:\/\/anthonybarroche.fr\/index.php\/wp-json\/wp\/v2\/users\/1"}],"replies":[{"embeddable":true,"href":"https:\/\/anthonybarroche.fr\/index.php\/wp-json\/wp\/v2\/comments?post=7"}],"version-history":[{"count":42,"href":"https:\/\/anthonybarroche.fr\/index.php\/wp-json\/wp\/v2\/pages\/7\/revisions"}],"predecessor-version":[{"id":1677,"href":"https:\/\/anthonybarroche.fr\/index.php\/wp-json\/wp\/v2\/pages\/7\/revisions\/1677"}],"wp:attachment":[{"href":"https:\/\/anthonybarroche.fr\/index.php\/wp-json\/wp\/v2\/media?parent=7"}],"curies":[{"name":"wp","href":"https:\/\/api.w.org\/{rel}","templated":true}]}}